{"id":95,"date":"2021-08-09T14:37:55","date_gmt":"2021-08-09T14:37:55","guid":{"rendered":"https:\/\/cbep.ca\/?page_id=95"},"modified":"2024-12-23T20:37:44","modified_gmt":"2024-12-23T20:37:44","slug":"our-history","status":"publish","type":"page","link":"https:\/\/cbep.ca\/fr\/our-history\/","title":{"rendered":"Notre Histoire"},"content":{"rendered":"<div data-elementor-type=\"wp-page\" data-elementor-id=\"95\" class=\"elementor elementor-95\" data-elementor-post-type=\"page\">\n\t\t\t\t\t\t<section class=\"elementor-section elementor-top-section elementor-element elementor-element-d4c51e9 elementor-section-full_width elementor-section-stretched elementor-section-height-default elementor-section-height-default\" data-id=\"d4c51e9\" data-element_type=\"section\" data-settings=\"{&quot;stretch_section&quot;:&quot;section-stretched&quot;,&quot;background_background&quot;:&quot;classic&quot;,&quot;ekit_has_onepagescroll_dot&quot;:&quot;yes&quot;}\">\n\t\t\t\t\t\t<div class=\"elementor-container elementor-column-gap-wider\">\n\t\t\t\t\t<div class=\"elementor-column elementor-col-100 elementor-top-column elementor-element elementor-element-442d4ee\" data-id=\"442d4ee\" data-element_type=\"column\">\n\t\t\t<div class=\"elementor-widget-wrap elementor-element-populated\">\n\t\t\t\t\t\t<section class=\"elementor-section elementor-inner-section elementor-element elementor-element-9f701b6 elementor-section-full_width elementor-section-height-default elementor-section-height-default\" data-id=\"9f701b6\" data-element_type=\"section\" data-settings=\"{&quot;background_background&quot;:&quot;classic&quot;,&quot;ekit_has_onepagescroll_dot&quot;:&quot;yes&quot;}\">\n\t\t\t\t\t\t<div class=\"elementor-container elementor-column-gap-default\">\n\t\t\t\t\t<div class=\"elementor-column elementor-col-50 elementor-inner-column elementor-element elementor-element-e7941b7\" data-id=\"e7941b7\" data-element_type=\"column\">\n\t\t\t<div class=\"elementor-widget-wrap elementor-element-populated\">\n\t\t\t\t\t\t<div class=\"elementor-element elementor-element-7777361 elementor-widget elementor-widget-image\" data-id=\"7777361\" data-element_type=\"widget\" data-settings=\"{&quot;ekit_we_effect_on&quot;:&quot;none&quot;}\" data-widget_type=\"image.default\">\n\t\t\t\t<div class=\"elementor-widget-container\">\n\t\t\t\t\t\t\t\t\t\t\t\t\t\t\t<img fetchpriority=\"high\" decoding=\"async\" width=\"960\" height=\"640\" src=\"https:\/\/cbep.ca\/wp-content\/uploads\/2024\/12\/22788902_380947798989952_3866492515655119719_n.jpg\" class=\"attachment-full size-full wp-image-533\" alt=\"\" srcset=\"https:\/\/cbep.ca\/wp-content\/uploads\/2024\/12\/22788902_380947798989952_3866492515655119719_n.jpg 960w, https:\/\/cbep.ca\/wp-content\/uploads\/2024\/12\/22788902_380947798989952_3866492515655119719_n-500x333.jpg 500w, https:\/\/cbep.ca\/wp-content\/uploads\/2024\/12\/22788902_380947798989952_3866492515655119719_n-300x200.jpg 300w, https:\/\/cbep.ca\/wp-content\/uploads\/2024\/12\/22788902_380947798989952_3866492515655119719_n-768x512.jpg 768w, https:\/\/cbep.ca\/wp-content\/uploads\/2024\/12\/22788902_380947798989952_3866492515655119719_n-113x75.jpg 113w, https:\/\/cbep.ca\/wp-content\/uploads\/2024\/12\/22788902_380947798989952_3866492515655119719_n-480x320.jpg 480w\" sizes=\"(max-width:767px) 480px, (max-width:960px) 100vw, 960px\" \/>\t\t\t\t\t\t\t\t\t\t\t\t\t\t\t<\/div>\n\t\t\t\t<\/div>\n\t\t\t\t\t<\/div>\n\t\t<\/div>\n\t\t\t\t<div class=\"elementor-column elementor-col-50 elementor-inner-column elementor-element elementor-element-c622eb3\" data-id=\"c622eb3\" data-element_type=\"column\">\n\t\t\t<div class=\"elementor-widget-wrap elementor-element-populated\">\n\t\t\t\t\t\t<div class=\"elementor-element elementor-element-59b8b01 elementor-widget elementor-widget-text-editor\" data-id=\"59b8b01\" data-element_type=\"widget\" data-settings=\"{&quot;ekit_we_effect_on&quot;:&quot;none&quot;}\" data-widget_type=\"text-editor.default\">\n\t\t\t\t<div class=\"elementor-widget-container\">\n\t\t\t\t\t\t\t\t\t<h1>Notre<b> Histoire<\/b><\/h1>\t\t\t\t\t\t\t\t<\/div>\n\t\t\t\t<\/div>\n\t\t\t\t<div class=\"elementor-element elementor-element-2c2917a elementor-widget elementor-widget-text-editor\" data-id=\"2c2917a\" data-element_type=\"widget\" data-settings=\"{&quot;ekit_we_effect_on&quot;:&quot;none&quot;}\" data-widget_type=\"text-editor.default\">\n\t\t\t\t<div class=\"elementor-widget-container\">\n\t\t\t\t\t\t\t\t\t<p>Le CBEP vous appartient. <br \/>La plume de l\u2019\u00e9criture de ses belles pages d\u2019histoire est entre vos mains.\u00a0<\/p>\t\t\t\t\t\t\t\t<\/div>\n\t\t\t\t<\/div>\n\t\t\t\t\t<\/div>\n\t\t<\/div>\n\t\t\t\t\t<\/div>\n\t\t<\/section>\n\t\t\t\t\t<\/div>\n\t\t<\/div>\n\t\t\t\t\t<\/div>\n\t\t<\/section>\n\t\t\t\t<section class=\"elementor-section elementor-top-section elementor-element elementor-element-35168dc elementor-section-stretched elementor-section-boxed elementor-section-height-default elementor-section-height-default\" data-id=\"35168dc\" data-element_type=\"section\" data-settings=\"{&quot;stretch_section&quot;:&quot;section-stretched&quot;,&quot;background_background&quot;:&quot;classic&quot;,&quot;ekit_has_onepagescroll_dot&quot;:&quot;yes&quot;}\">\n\t\t\t\t\t\t\t<div class=\"elementor-background-overlay\"><\/div>\n\t\t\t\t\t\t\t<div class=\"elementor-container elementor-column-gap-wider\">\n\t\t\t\t\t<div class=\"elementor-column elementor-col-100 elementor-top-column elementor-element elementor-element-74b3f26\" data-id=\"74b3f26\" data-element_type=\"column\">\n\t\t\t<div class=\"elementor-widget-wrap elementor-element-populated\">\n\t\t\t\t\t\t<section class=\"elementor-section elementor-inner-section elementor-element elementor-element-5781a51 elementor-section-boxed elementor-section-height-default elementor-section-height-default\" data-id=\"5781a51\" data-element_type=\"section\" data-settings=\"{&quot;ekit_has_onepagescroll_dot&quot;:&quot;yes&quot;}\">\n\t\t\t\t\t\t<div class=\"elementor-container elementor-column-gap-default\">\n\t\t\t\t\t<div class=\"elementor-column elementor-col-50 elementor-inner-column elementor-element elementor-element-f20e95e\" data-id=\"f20e95e\" data-element_type=\"column\">\n\t\t\t<div class=\"elementor-widget-wrap elementor-element-populated\">\n\t\t\t\t\t\t<div class=\"elementor-element elementor-element-6550b25 elementor-widget elementor-widget-text-editor\" data-id=\"6550b25\" data-element_type=\"widget\" data-settings=\"{&quot;ekit_we_effect_on&quot;:&quot;none&quot;}\" data-widget_type=\"text-editor.default\">\n\t\t\t\t<div class=\"elementor-widget-container\">\n\t\t\t\t\t\t\t\t\t<p>La population Afro-Canadienne ne b\u00e9n\u00e9ficie pas souvent des avantages de la m\u00e9decine pr\u00e9ventive \u00e0 cause de sa faible utilisation des services de sant\u00e9 lorsqu\u2019elle est apparemment en bonne sant\u00e9 et \u00e0 cause des obstacles ethnoculturels.<\/p><p>La prise en charge des immigrants est plus effective si les prestataires de soins et les clients sont de m\u00eame origine ethnique, ont les m\u00eames sensibilit\u00e9s culturelles et parlent la m\u00eame langue.<\/p>\t\t\t\t\t\t\t\t<\/div>\n\t\t\t\t<\/div>\n\t\t\t\t<div class=\"elementor-element elementor-element-ffbef00 elementor-widget elementor-widget-spacer\" data-id=\"ffbef00\" data-element_type=\"widget\" data-settings=\"{&quot;ekit_we_effect_on&quot;:&quot;none&quot;}\" data-widget_type=\"spacer.default\">\n\t\t\t\t<div class=\"elementor-widget-container\">\n\t\t\t\t\t\t\t<div class=\"elementor-spacer\">\n\t\t\t<div class=\"elementor-spacer-inner\"><\/div>\n\t\t<\/div>\n\t\t\t\t\t\t<\/div>\n\t\t\t\t<\/div>\n\t\t\t\t\t<\/div>\n\t\t<\/div>\n\t\t\t\t<div class=\"elementor-column elementor-col-50 elementor-inner-column elementor-element elementor-element-f8d7351\" data-id=\"f8d7351\" data-element_type=\"column\">\n\t\t\t<div class=\"elementor-widget-wrap elementor-element-populated\">\n\t\t\t\t\t\t<div class=\"elementor-element elementor-element-5cafc56 elementor-widget elementor-widget-text-editor\" data-id=\"5cafc56\" data-element_type=\"widget\" data-settings=\"{&quot;ekit_we_effect_on&quot;:&quot;none&quot;}\" data-widget_type=\"text-editor.default\">\n\t\t\t\t<div class=\"elementor-widget-container\">\n\t\t\t\t\t\t\t\t\t<p>En r\u00e9ponse \u00e0 l\u2019absence de services culturellement adapt\u00e9s \u00e0 cette population en Alberta, particuli\u00e8rement \u00e0 haut risque en mati\u00e8re de sant\u00e9 et bien-\u00eatre, le Centre de Bien-\u00eatre et de Pr\u00e9vention pour Afro-Canadiens fut cr\u00e9\u00e9 \u00e0 Edmonton, en date du 4 novembre 2015 comme organisation \u00e0 but non lucratif avec si\u00e8ge social \u00e0 Edmonton.<\/p><p>En Juillet 2017,  les Statuts et R\u00e8glements de l\u2019organisme furent r\u00e9vis\u00e9s pour une gouvernance \u00e0 l\u2019avant-garde des besoins des Afro-Canadiens de l\u2019Alberta et des l\u00e9gislations de bonne gouvernance communautaire, et son sigle fut chang\u00e9 de CBEPACA \u00e0 CBEP.<\/p>\t\t\t\t\t\t\t\t<\/div>\n\t\t\t\t<\/div>\n\t\t\t\t\t<\/div>\n\t\t<\/div>\n\t\t\t\t\t<\/div>\n\t\t<\/section>\n\t\t\t\t\t<\/div>\n\t\t<\/div>\n\t\t\t\t\t<\/div>\n\t\t<\/section>\n\t\t\t\t<section class=\"elementor-section elementor-top-section elementor-element elementor-element-6d87070 elementor-section-stretched elementor-section-boxed elementor-section-height-default elementor-section-height-default\" data-id=\"6d87070\" data-element_type=\"section\" data-settings=\"{&quot;stretch_section&quot;:&quot;section-stretched&quot;,&quot;background_background&quot;:&quot;classic&quot;,&quot;ekit_has_onepagescroll_dot&quot;:&quot;yes&quot;}\">\n\t\t\t\t\t\t<div class=\"elementor-container elementor-column-gap-wider\">\n\t\t\t\t\t<div class=\"elementor-column elementor-col-100 elementor-top-column elementor-element elementor-element-7e27112\" data-id=\"7e27112\" data-element_type=\"column\">\n\t\t\t<div class=\"elementor-widget-wrap elementor-element-populated\">\n\t\t\t\t\t\t<section class=\"elementor-section elementor-inner-section elementor-element elementor-element-93f6326 elementor-section-boxed elementor-section-height-default elementor-section-height-default\" data-id=\"93f6326\" data-element_type=\"section\" data-settings=\"{&quot;background_background&quot;:&quot;classic&quot;,&quot;ekit_has_onepagescroll_dot&quot;:&quot;yes&quot;}\">\n\t\t\t\t\t\t<div class=\"elementor-container elementor-column-gap-default\">\n\t\t\t\t\t<div class=\"elementor-column elementor-col-50 elementor-inner-column elementor-element elementor-element-aae9a12\" data-id=\"aae9a12\" data-element_type=\"column\">\n\t\t\t<div class=\"elementor-widget-wrap elementor-element-populated\">\n\t\t\t\t\t\t<div class=\"elementor-element elementor-element-449c971 elementor-widget elementor-widget-text-editor\" data-id=\"449c971\" data-element_type=\"widget\" data-settings=\"{&quot;ekit_we_effect_on&quot;:&quot;none&quot;}\" data-widget_type=\"text-editor.default\">\n\t\t\t\t<div class=\"elementor-widget-container\">\n\t\t\t\t\t\t\t\t\t<h2 class=\"wp-block-heading\">Notre Mandat<\/h2><p>Le Centre de bien-\u00eatre et de pr\u00e9vention pour Afro-Canadiens de l\u2019Alberta (le CBEP) est un organisme \u00e0 but non lucratif multisectoriel et multi vocationnel qui se propose de r\u00e9veiller la conscience des membres de la communaut\u00e9 Afro-canadiens sur les probl\u00e8mes qui peuvent affecter leur \u00e9tat de sant\u00e9.<\/p><p>Le CBEP sensibilise et partage des informations sur des probl\u00e8mes de sant\u00e9 tels que :<\/p><ul><li>Les maladies cardiovasculaires<\/li><li>Le diab\u00e8te<\/li><li>Les troubles mentaux<\/li><li>La sant\u00e9 des a\u00een\u00e9s et les abus<\/li><li>L'usage de drogues et d'alcool.<\/li><\/ul><p>Tout cela vise \u00e0 provoquer un changement dans le mode de vie ou le comportement des membres de la communaut\u00e9 afro-canadienne de l'Alberta afin d'am\u00e9liorer leur \u00e9tat de sant\u00e9.<\/p><p>Le CBEP travaille \u00e9galement \u00e0 faciliter la r\u00e9int\u00e9gration sociale des d\u00e9linquants afro-canadiens par une approche communautaire qui prend en compte les sensibilit\u00e9s culturelles de chaque groupe communautaire afro-canadien et avec divers partenaires en Alberta.<\/p>\t\t\t\t\t\t\t\t<\/div>\n\t\t\t\t<\/div>\n\t\t\t\t\t<\/div>\n\t\t<\/div>\n\t\t\t\t<div class=\"elementor-column elementor-col-50 elementor-inner-column elementor-element elementor-element-2c2e0f9\" data-id=\"2c2e0f9\" data-element_type=\"column\">\n\t\t\t<div class=\"elementor-widget-wrap elementor-element-populated\">\n\t\t\t\t\t\t<div class=\"elementor-element elementor-element-6ee2908 elementor-widget elementor-widget-image\" data-id=\"6ee2908\" data-element_type=\"widget\" data-settings=\"{&quot;ekit_we_effect_on&quot;:&quot;none&quot;}\" data-widget_type=\"image.default\">\n\t\t\t\t<div class=\"elementor-widget-container\">\n\t\t\t\t\t\t\t\t\t\t\t\t\t\t\t<img decoding=\"async\" width=\"780\" height=\"635\" src=\"https:\/\/cbep.ca\/wp-content\/uploads\/2021\/08\/nursinghome-ourcenter-pic2.webp\" class=\"attachment-large size-large wp-image-78\" alt=\"\" srcset=\"https:\/\/cbep.ca\/wp-content\/uploads\/2021\/08\/nursinghome-ourcenter-pic2.webp 780w, https:\/\/cbep.ca\/wp-content\/uploads\/2021\/08\/nursinghome-ourcenter-pic2-500x407.webp 500w, https:\/\/cbep.ca\/wp-content\/uploads\/2021\/08\/nursinghome-ourcenter-pic2-300x244.webp 300w, https:\/\/cbep.ca\/wp-content\/uploads\/2021\/08\/nursinghome-ourcenter-pic2-768x625.webp 768w, https:\/\/cbep.ca\/wp-content\/uploads\/2021\/08\/nursinghome-ourcenter-pic2-92x75.webp 92w, https:\/\/cbep.ca\/wp-content\/uploads\/2021\/08\/nursinghome-ourcenter-pic2-480x391.webp 480w\" sizes=\"(max-width:767px) 480px, (max-width:780px) 100vw, 780px\" \/>\t\t\t\t\t\t\t\t\t\t\t\t\t\t\t<\/div>\n\t\t\t\t<\/div>\n\t\t\t\t\t<\/div>\n\t\t<\/div>\n\t\t\t\t\t<\/div>\n\t\t<\/section>\n\t\t\t\t<div class=\"elementor-element elementor-element-5071f4c elementor-widget elementor-widget-spacer\" data-id=\"5071f4c\" data-element_type=\"widget\" data-settings=\"{&quot;ekit_we_effect_on&quot;:&quot;none&quot;}\" data-widget_type=\"spacer.default\">\n\t\t\t\t<div class=\"elementor-widget-container\">\n\t\t\t\t\t\t\t<div class=\"elementor-spacer\">\n\t\t\t<div class=\"elementor-spacer-inner\"><\/div>\n\t\t<\/div>\n\t\t\t\t\t\t<\/div>\n\t\t\t\t<\/div>\n\t\t\t\t\t<\/div>\n\t\t<\/div>\n\t\t\t\t\t<\/div>\n\t\t<\/section>\n\t\t\t\t<\/div>","protected":false},"excerpt":{"rendered":"<p>Our &amp; History CBEP is yours! You have the pen in your hands to write its beautiful history pages.\u00a0 The African-Canadian population often does not enjoy<span class=\"excerpt-hellip\"> [\u2026]<\/span><\/p>","protected":false},"author":1,"featured_media":0,"parent":0,"menu_order":0,"comment_status":"open","ping_status":"closed","template":"","meta":{"give_campaign_id":0,"inline_featured_image":false,"footnotes":""},"class_list":["post-95","page","type-page","status-publish","hentry"],"campaignId":"","_links":{"self":[{"href":"https:\/\/cbep.ca\/fr\/wp-json\/wp\/v2\/pages\/95","targetHints":{"allow":["GET"]}}],"collection":[{"href":"https:\/\/cbep.ca\/fr\/wp-json\/wp\/v2\/pages"}],"about":[{"href":"https:\/\/cbep.ca\/fr\/wp-json\/wp\/v2\/types\/page"}],"author":[{"embeddable":true,"href":"https:\/\/cbep.ca\/fr\/wp-json\/wp\/v2\/users\/1"}],"replies":[{"embeddable":true,"href":"https:\/\/cbep.ca\/fr\/wp-json\/wp\/v2\/comments?post=95"}],"version-history":[{"count":32,"href":"https:\/\/cbep.ca\/fr\/wp-json\/wp\/v2\/pages\/95\/revisions"}],"predecessor-version":[{"id":1546,"href":"https:\/\/cbep.ca\/fr\/wp-json\/wp\/v2\/pages\/95\/revisions\/1546"}],"wp:attachment":[{"href":"https:\/\/cbep.ca\/fr\/wp-json\/wp\/v2\/media?parent=95"}],"curies":[{"name":"wp","href":"https:\/\/api.w.org\/{rel}","templated":true}]}}