{"id":881,"date":"2024-12-13T04:57:58","date_gmt":"2024-12-13T04:57:58","guid":{"rendered":"https:\/\/cbep.ca\/?page_id=881"},"modified":"2024-12-17T20:59:39","modified_gmt":"2024-12-17T20:59:39","slug":"volunteer-2","status":"publish","type":"page","link":"https:\/\/cbep.ca\/fr\/volunteer-2\/","title":{"rendered":"B\u00e9n\u00e9volat"},"content":{"rendered":"<div data-elementor-type=\"wp-page\" data-elementor-id=\"881\" class=\"elementor elementor-881\" data-elementor-post-type=\"page\">\n\t\t\t\t\t\t<section class=\"elementor-section elementor-top-section elementor-element elementor-element-6feb047d elementor-section-boxed elementor-section-height-default elementor-section-height-default\" data-id=\"6feb047d\" data-element_type=\"section\" id=\"xs_cta_style_2\" data-settings=\"{&quot;background_background&quot;:&quot;classic&quot;,&quot;ekit_has_onepagescroll_dot&quot;:&quot;yes&quot;}\">\n\t\t\t\t\t\t\t<div class=\"elementor-background-overlay\"><\/div>\n\t\t\t\t\t\t\t<div class=\"elementor-container elementor-column-gap-default\">\n\t\t\t\t\t<div class=\"elementor-column elementor-col-50 elementor-top-column elementor-element elementor-element-5ad72660\" data-id=\"5ad72660\" data-element_type=\"column\">\n\t\t\t<div class=\"elementor-widget-wrap elementor-element-populated\">\n\t\t\t\t\t\t<div class=\"elementor-element elementor-element-121065cb elementor-widget elementor-widget-text-editor\" data-id=\"121065cb\" data-element_type=\"widget\" data-settings=\"{&quot;ekit_we_effect_on&quot;:&quot;none&quot;}\" data-widget_type=\"text-editor.default\">\n\t\t\t\t<div class=\"elementor-widget-container\">\n\t\t\t\t\t\t\t\t\t<p>CBEP Community Health Centre croit que les b\u00e9n\u00e9voles sont tr\u00e8s importants pour un organisme communautaire et constituent l\u2019\u00e9pine dorsale de ses programmes et services.<\/p>\t\t\t\t\t\t\t\t<\/div>\n\t\t\t\t<\/div>\n\t\t\t\t<div class=\"elementor-element elementor-element-6a7a00d3 elementor-widget elementor-widget-text-editor\" data-id=\"6a7a00d3\" data-element_type=\"widget\" data-settings=\"{&quot;ekit_we_effect_on&quot;:&quot;none&quot;}\" data-widget_type=\"text-editor.default\">\n\t\t\t\t<div class=\"elementor-widget-container\">\n\t\t\t\t\t\t\t\t\t<p>Au CBEP, nous accueillons toujours des membres enthousiastes de la communaut\u00e9 pour s\u2019impliquer dans nos activit\u00e9s et services en tant que b\u00e9n\u00e9voles.<\/p>\t\t\t\t\t\t\t\t<\/div>\n\t\t\t\t<\/div>\n\t\t\t\t\t<\/div>\n\t\t<\/div>\n\t\t\t\t<div class=\"elementor-column elementor-col-50 elementor-top-column elementor-element elementor-element-468f7365\" data-id=\"468f7365\" data-element_type=\"column\">\n\t\t\t<div class=\"elementor-widget-wrap elementor-element-populated\">\n\t\t\t\t\t\t<div class=\"elementor-element elementor-element-4e2c2e4 elementor-widget elementor-widget-image\" data-id=\"4e2c2e4\" data-element_type=\"widget\" data-settings=\"{&quot;ekit_we_effect_on&quot;:&quot;none&quot;}\" data-widget_type=\"image.default\">\n\t\t\t\t<div class=\"elementor-widget-container\">\n\t\t\t\t\t\t\t\t\t\t\t\t\t\t\t<img fetchpriority=\"high\" decoding=\"async\" width=\"1200\" height=\"800\" src=\"https:\/\/cbep.ca\/wp-content\/uploads\/2024\/12\/volunteer-1200x800.jpg\" class=\"attachment-large size-large wp-image-612\" alt=\"\" srcset=\"https:\/\/cbep.ca\/wp-content\/uploads\/2024\/12\/volunteer-1200x800.jpg 1200w, https:\/\/cbep.ca\/wp-content\/uploads\/2024\/12\/volunteer-500x333.jpg 500w, https:\/\/cbep.ca\/wp-content\/uploads\/2024\/12\/volunteer-300x200.jpg 300w, https:\/\/cbep.ca\/wp-content\/uploads\/2024\/12\/volunteer-768x512.jpg 768w, https:\/\/cbep.ca\/wp-content\/uploads\/2024\/12\/volunteer-113x75.jpg 113w, https:\/\/cbep.ca\/wp-content\/uploads\/2024\/12\/volunteer-480x320.jpg 480w, https:\/\/cbep.ca\/wp-content\/uploads\/2024\/12\/volunteer.jpg 1280w\" sizes=\"(max-width:767px) 480px, (max-width:1200px) 100vw, 1200px\" \/>\t\t\t\t\t\t\t\t\t\t\t\t\t\t\t<\/div>\n\t\t\t\t<\/div>\n\t\t\t\t\t<\/div>\n\t\t<\/div>\n\t\t\t\t\t<\/div>\n\t\t<\/section>\n\t\t\t\t<section class=\"elementor-section elementor-top-section elementor-element elementor-element-2bedf08 elementor-section-boxed elementor-section-height-default elementor-section-height-default\" data-id=\"2bedf08\" data-element_type=\"section\" id=\"xs_drop_1\" data-settings=\"{&quot;ekit_has_onepagescroll_dot&quot;:&quot;yes&quot;}\">\n\t\t\t\t\t\t<div class=\"elementor-container elementor-column-gap-default\">\n\t\t\t\t\t<div class=\"elementor-column elementor-col-33 elementor-top-column elementor-element elementor-element-6f390493\" data-id=\"6f390493\" data-element_type=\"column\">\n\t\t\t<div class=\"elementor-widget-wrap\">\n\t\t\t\t\t\t\t<\/div>\n\t\t<\/div>\n\t\t\t\t<div class=\"elementor-column elementor-col-33 elementor-top-column elementor-element elementor-element-2cd230e7\" data-id=\"2cd230e7\" data-element_type=\"column\">\n\t\t\t<div class=\"elementor-widget-wrap elementor-element-populated\">\n\t\t\t\t\t\t<section class=\"elementor-section elementor-inner-section elementor-element elementor-element-55bedd70 elementor-section-boxed elementor-section-height-default elementor-section-height-default\" data-id=\"55bedd70\" data-element_type=\"section\" data-settings=\"{&quot;ekit_has_onepagescroll_dot&quot;:&quot;yes&quot;}\">\n\t\t\t\t\t\t<div class=\"elementor-container elementor-column-gap-default\">\n\t\t\t\t\t<div class=\"elementor-column elementor-col-100 elementor-inner-column elementor-element elementor-element-78ee01d\" data-id=\"78ee01d\" data-element_type=\"column\">\n\t\t\t<div class=\"elementor-widget-wrap elementor-element-populated\">\n\t\t\t\t\t\t<div class=\"elementor-element elementor-element-29e6e11c elementor-widget elementor-widget-text-editor\" data-id=\"29e6e11c\" data-element_type=\"widget\" data-settings=\"{&quot;ekit_we_effect_on&quot;:&quot;none&quot;}\" data-widget_type=\"text-editor.default\">\n\t\t\t\t<div class=\"elementor-widget-container\">\n\t\t\t\t\t\t\t\t\t<p>Nos b\u00e9n\u00e9voles aident \u00e0 organiser des programmes r\u00e9guliers et des \u00e9v\u00e9nements sp\u00e9ciaux et participent \u00e0 des projets de recherche communautaires.<\/p><p>Gr\u00e2ce au programme de b\u00e9n\u00e9volat, le CBEP engage les membres de la communaut\u00e9 \u00e0 fa\u00e7onner le travail du Centre tout en offrant aux b\u00e9n\u00e9voles des opportunit\u00e9s d\u2019am\u00e9liorer leurs capacit\u00e9s et leurs comp\u00e9tences pour apporter des changements positifs dans leur vie.<\/p><p>CBEP reconna\u00eet le b\u00e9n\u00e9volat comme un investissement essentiel pour b\u00e2tir des communaut\u00e9s plus saines.<\/p><p>En tant que b\u00e9n\u00e9vole :<\/p><ul class=\"wp-block-list\"><li>Vous apprendrez tout sur le programme de b\u00e9n\u00e9volat<\/li><li>\u00catre form\u00e9 pour faire un travail\/une activit\u00e9<\/li><li>Acqu\u00e9rir des comp\u00e9tences et de l\u2019exp\u00e9rience pour de futures opportunit\u00e9s d\u2019emploi<\/li><li>\u00c9largissez votre r\u00e9seau social<\/li><\/ul>\t\t\t\t\t\t\t\t<\/div>\n\t\t\t\t<\/div>\n\t\t\t\t\t<\/div>\n\t\t<\/div>\n\t\t\t\t\t<\/div>\n\t\t<\/section>\n\t\t\t\t<section class=\"elementor-section elementor-inner-section elementor-element elementor-element-12ff7ab elementor-section-boxed elementor-section-height-default elementor-section-height-default\" data-id=\"12ff7ab\" data-element_type=\"section\" data-settings=\"{&quot;ekit_has_onepagescroll_dot&quot;:&quot;yes&quot;}\">\n\t\t\t\t\t\t<div class=\"elementor-container elementor-column-gap-default\">\n\t\t\t\t\t<div class=\"elementor-column elementor-col-100 elementor-inner-column elementor-element elementor-element-5e7c668\" data-id=\"5e7c668\" data-element_type=\"column\">\n\t\t\t<div class=\"elementor-widget-wrap elementor-element-populated\">\n\t\t\t\t\t\t<div class=\"elementor-element elementor-element-b9500e5 elementor-widget elementor-widget-text-editor\" data-id=\"b9500e5\" data-element_type=\"widget\" data-settings=\"{&quot;ekit_we_effect_on&quot;:&quot;none&quot;}\" data-widget_type=\"text-editor.default\">\n\t\t\t\t<div class=\"elementor-widget-container\">\n\t\t\t\t\t\t\t\t\t<p><strong>Veuillez noter : tout le personnel et les b\u00e9n\u00e9voles du CBEP doivent subir une v\u00e9rification des r\u00e9f\u00e9rences par la police.<\/strong><\/p><p><strong>Pour plus d\u2019informations, veuillez contacter le coordinateur des b\u00e9n\u00e9voles au<a href=\"tel:+17806954952\">1 (780) 695 4952<\/a><\/strong><\/p>\t\t\t\t\t\t\t\t<\/div>\n\t\t\t\t<\/div>\n\t\t\t\t\t<\/div>\n\t\t<\/div>\n\t\t\t\t\t<\/div>\n\t\t<\/section>\n\t\t\t\t\t<\/div>\n\t\t<\/div>\n\t\t\t\t<div class=\"elementor-column elementor-col-33 elementor-top-column elementor-element elementor-element-55cd6c87\" data-id=\"55cd6c87\" data-element_type=\"column\">\n\t\t\t<div class=\"elementor-widget-wrap\">\n\t\t\t\t\t\t\t<\/div>\n\t\t<\/div>\n\t\t\t\t\t<\/div>\n\t\t<\/section>\n\t\t\t\t<\/div>","protected":false},"excerpt":{"rendered":"<p>CBEP Community Health Centre believes that volunteers are very important for a community organization and form the backbone of its programs and services. At CBEP we<span class=\"excerpt-hellip\"> [\u2026]<\/span><\/p>","protected":false},"author":1,"featured_media":0,"parent":0,"menu_order":0,"comment_status":"closed","ping_status":"closed","template":"","meta":{"give_campaign_id":0,"inline_featured_image":false,"footnotes":""},"class_list":["post-881","page","type-page","status-publish","hentry"],"campaignId":"","_links":{"self":[{"href":"https:\/\/cbep.ca\/fr\/wp-json\/wp\/v2\/pages\/881","targetHints":{"allow":["GET"]}}],"collection":[{"href":"https:\/\/cbep.ca\/fr\/wp-json\/wp\/v2\/pages"}],"about":[{"href":"https:\/\/cbep.ca\/fr\/wp-json\/wp\/v2\/types\/page"}],"author":[{"embeddable":true,"href":"https:\/\/cbep.ca\/fr\/wp-json\/wp\/v2\/users\/1"}],"replies":[{"embeddable":true,"href":"https:\/\/cbep.ca\/fr\/wp-json\/wp\/v2\/comments?post=881"}],"version-history":[{"count":13,"href":"https:\/\/cbep.ca\/fr\/wp-json\/wp\/v2\/pages\/881\/revisions"}],"predecessor-version":[{"id":1196,"href":"https:\/\/cbep.ca\/fr\/wp-json\/wp\/v2\/pages\/881\/revisions\/1196"}],"wp:attachment":[{"href":"https:\/\/cbep.ca\/fr\/wp-json\/wp\/v2\/media?parent=881"}],"curies":[{"name":"wp","href":"https:\/\/api.w.org\/{rel}","templated":true}]}}