{"id":865,"date":"2024-12-13T04:48:17","date_gmt":"2024-12-13T04:48:17","guid":{"rendered":"https:\/\/cbep.ca\/?page_id=865"},"modified":"2024-12-17T22:56:09","modified_gmt":"2024-12-17T22:56:09","slug":"programs-and-services","status":"publish","type":"page","link":"https:\/\/cbep.ca\/fr\/programs-and-services\/","title":{"rendered":"Programmes &amp; Services"},"content":{"rendered":"<div data-elementor-type=\"wp-page\" data-elementor-id=\"865\" class=\"elementor elementor-865\" data-elementor-post-type=\"page\">\n\t\t\t\t\t\t<section class=\"elementor-section elementor-top-section elementor-element elementor-element-59d3a1f6 elementor-section-content-middle elementor-section-boxed elementor-section-height-default elementor-section-height-default\" data-id=\"59d3a1f6\" data-element_type=\"section\" data-settings=\"{&quot;ekit_has_onepagescroll_dot&quot;:&quot;yes&quot;}\">\n\t\t\t\t\t\t<div class=\"elementor-container elementor-column-gap-default\">\n\t\t\t\t\t<div class=\"elementor-column elementor-col-50 elementor-top-column elementor-element elementor-element-2b922724\" data-id=\"2b922724\" data-element_type=\"column\">\n\t\t\t<div class=\"elementor-widget-wrap elementor-element-populated\">\n\t\t\t\t\t\t<div class=\"elementor-element elementor-element-5ecd7955 elementor-widget elementor-widget-image\" data-id=\"5ecd7955\" data-element_type=\"widget\" data-settings=\"{&quot;ekit_we_effect_on&quot;:&quot;none&quot;}\" data-widget_type=\"image.default\">\n\t\t\t\t<div class=\"elementor-widget-container\">\n\t\t\t\t\t\t\t\t\t\t\t\t\t\t\t<img fetchpriority=\"high\" decoding=\"async\" width=\"1200\" height=\"903\" src=\"https:\/\/cbep.ca\/wp-content\/uploads\/2024\/12\/Q5JDAQCAR4I6TBNNO6PPAX6Z3A-3794140571-1200x903.jpg\" class=\"attachment-large size-large wp-image-903\" alt=\"\" srcset=\"https:\/\/cbep.ca\/wp-content\/uploads\/2024\/12\/Q5JDAQCAR4I6TBNNO6PPAX6Z3A-3794140571-1200x903.jpg 1200w, https:\/\/cbep.ca\/wp-content\/uploads\/2024\/12\/Q5JDAQCAR4I6TBNNO6PPAX6Z3A-3794140571-500x376.jpg 500w, https:\/\/cbep.ca\/wp-content\/uploads\/2024\/12\/Q5JDAQCAR4I6TBNNO6PPAX6Z3A-3794140571-300x226.jpg 300w, https:\/\/cbep.ca\/wp-content\/uploads\/2024\/12\/Q5JDAQCAR4I6TBNNO6PPAX6Z3A-3794140571-768x578.jpg 768w, https:\/\/cbep.ca\/wp-content\/uploads\/2024\/12\/Q5JDAQCAR4I6TBNNO6PPAX6Z3A-3794140571-100x75.jpg 100w, https:\/\/cbep.ca\/wp-content\/uploads\/2024\/12\/Q5JDAQCAR4I6TBNNO6PPAX6Z3A-3794140571-480x361.jpg 480w, https:\/\/cbep.ca\/wp-content\/uploads\/2024\/12\/Q5JDAQCAR4I6TBNNO6PPAX6Z3A-3794140571.jpg 1484w\" sizes=\"(max-width:767px) 480px, (max-width:1200px) 100vw, 1200px\" \/>\t\t\t\t\t\t\t\t\t\t\t\t\t\t\t<\/div>\n\t\t\t\t<\/div>\n\t\t\t\t\t<\/div>\n\t\t<\/div>\n\t\t\t\t<div class=\"elementor-column elementor-col-50 elementor-top-column elementor-element elementor-element-a0f6a53\" data-id=\"a0f6a53\" data-element_type=\"column\">\n\t\t\t<div class=\"elementor-widget-wrap elementor-element-populated\">\n\t\t\t\t\t\t<div class=\"elementor-element elementor-element-490dc383 elementor-widget elementor-widget-elementskit-heading\" data-id=\"490dc383\" data-element_type=\"widget\" data-settings=\"{&quot;ekit_we_effect_on&quot;:&quot;none&quot;}\" data-widget_type=\"elementskit-heading.default\">\n\t\t\t\t<div class=\"elementor-widget-container\">\n\t\t\t\t\t<div class=\"ekit-wid-con\" ><div class=\"ekit-heading elementskit-section-title-wraper text_left   ekit_heading_tablet-   ekit_heading_mobile-\"><h2 class=\"ekit-heading--title elementskit-section-title\">Programmes &amp; Services<\/h2>\t\t\t\t<div class='ekit-heading__description'>\n\t\t\t\t\t<p>L'\u00e9ducation \u00e0 la sant\u00e9 et la communication int\u00e9gr\u00e9es dans l'action communautaire sont des approches efficaces pour r\u00e9soudre les probl\u00e8mes.<\/p>\n\t\t\t\t<\/div>\n\t\t\t<\/div><\/div>\t\t\t\t<\/div>\n\t\t\t\t<\/div>\n\t\t\t\t<div class=\"elementor-element elementor-element-171098db elementor-align-left elementor-widget elementor-widget-elementskit-button\" data-id=\"171098db\" data-element_type=\"widget\" data-settings=\"{&quot;ekit_we_effect_on&quot;:&quot;none&quot;}\" data-widget_type=\"elementskit-button.default\">\n\t\t\t\t<div class=\"elementor-widget-container\">\n\t\t\t\t\t<div class=\"ekit-wid-con\" >\t\t<div class=\"ekit-btn-wraper\">\n\t\t\t\t\t\t\t<a href=\"https:\/\/cbep.ca\/fr\/contact\/\" class=\"elementskit-btn  whitespace--normal\" id=\"\">\n\t\t\t\t\tContactez-Nous\t\t\t\t<\/a>\n\t\t\t\t\t<\/div>\n        <\/div>\t\t\t\t<\/div>\n\t\t\t\t<\/div>\n\t\t\t\t\t<\/div>\n\t\t<\/div>\n\t\t\t\t\t<\/div>\n\t\t<\/section>\n\t\t<div class=\"elementor-element elementor-element-d418893 e-flex e-con-boxed e-con e-parent\" data-id=\"d418893\" data-element_type=\"container\" data-settings=\"{&quot;background_background&quot;:&quot;classic&quot;,&quot;ekit_has_onepagescroll_dot&quot;:&quot;yes&quot;}\">\n\t\t\t\t\t<div class=\"e-con-inner\">\n\t\t<div class=\"elementor-element elementor-element-0792296 e-con-full e-flex e-con e-child\" data-id=\"0792296\" data-element_type=\"container\" data-settings=\"{&quot;ekit_has_onepagescroll_dot&quot;:&quot;yes&quot;}\">\n\t\t\t\t<div class=\"elementor-element elementor-element-7a54b1a elementor-widget elementor-widget-heading\" data-id=\"7a54b1a\" data-element_type=\"widget\" data-settings=\"{&quot;ekit_we_effect_on&quot;:&quot;none&quot;}\" data-widget_type=\"heading.default\">\n\t\t\t\t<div class=\"elementor-widget-container\">\n\t\t\t\t\t<h4 class=\"elementor-heading-title elementor-size-default\">Ateliers R\u00e9unions\n<\/h4>\t\t\t\t<\/div>\n\t\t\t\t<\/div>\n\t\t\t\t<div class=\"elementor-element elementor-element-a1aaf0a elementor-widget elementor-widget-text-editor\" data-id=\"a1aaf0a\" data-element_type=\"widget\" data-settings=\"{&quot;ekit_we_effect_on&quot;:&quot;none&quot;}\" data-widget_type=\"text-editor.default\">\n\t\t\t\t<div class=\"elementor-widget-container\">\n\t\t\t\t\t\t\t\t\t<ul><li>Pr\u00e9vention et autogestion du diab\u00e8te et de l\u2019ob\u00e9sit\u00e9 ;<\/li><li>Pr\u00e9vention de l\u2019hypertension, des maladies cardiaques et des accidents vasculaires c\u00e9r\u00e9braux ;<\/li><li>Pr\u00e9vention des cancers et de la fibrose ut\u00e9rine ;<\/li><li>Groupe de soutien pour les survivants d\u2019un cancer ou d\u2019un AVC ;<\/li><li>Sant\u00e9 mentale et d\u00e9pendances aux drogues, \u00e0 l\u2019alcool et aux cigarettes ;<\/li><li>Promotion du changement de style de vie ;<\/li><li>des conseils nutritionnels ;<\/li><li>Acc\u00e8s \u00e0 des informations sur la sant\u00e9 et \u00e0 un soutien dans la langue maternelle ;<br \/>Programmes de d\u00e9pistage et d\u2019orientation vers des centres de diagnostic et de traitement<\/li><\/ul>\t\t\t\t\t\t\t\t<\/div>\n\t\t\t\t<\/div>\n\t\t\t\t<\/div>\n\t\t<div class=\"elementor-element elementor-element-1f8e455 e-con-full e-flex e-con e-child\" data-id=\"1f8e455\" data-element_type=\"container\" data-settings=\"{&quot;ekit_has_onepagescroll_dot&quot;:&quot;yes&quot;}\">\n\t\t<div class=\"elementor-element elementor-element-56935a7 e-con-full e-flex e-con e-child\" data-id=\"56935a7\" data-element_type=\"container\" data-settings=\"{&quot;ekit_has_onepagescroll_dot&quot;:&quot;yes&quot;}\">\n\t\t\t\t<div class=\"elementor-element elementor-element-48a219b elementor-widget elementor-widget-heading\" data-id=\"48a219b\" data-element_type=\"widget\" data-settings=\"{&quot;ekit_we_effect_on&quot;:&quot;none&quot;}\" data-widget_type=\"heading.default\">\n\t\t\t\t<div class=\"elementor-widget-container\">\n\t\t\t\t\t<h4 class=\"elementor-heading-title elementor-size-default\">Nos Activit\u00e9s<\/h4>\t\t\t\t<\/div>\n\t\t\t\t<\/div>\n\t\t\t\t<\/div>\n\t\t<div class=\"elementor-element elementor-element-34e4619 e-con-full e-flex e-con e-child\" data-id=\"34e4619\" data-element_type=\"container\" data-settings=\"{&quot;ekit_has_onepagescroll_dot&quot;:&quot;yes&quot;}\">\n\t\t\t\t<div class=\"elementor-element elementor-element-90b7e0c elementor-widget elementor-widget-text-editor\" data-id=\"90b7e0c\" data-element_type=\"widget\" data-settings=\"{&quot;ekit_we_effect_on&quot;:&quot;none&quot;}\" data-widget_type=\"text-editor.default\">\n\t\t\t\t<div class=\"elementor-widget-container\">\n\t\t\t\t\t\t\t\t\t<ul><li>Sensibilisation de la communaut\u00e9 aux maladies chroniques ;<\/li><li>Ateliers \u00e9ducatifs et s\u00e9ances d\u2019information sur les maladies cardiaques, le diab\u00e8te, le cancer, la fibrose ut\u00e9rine et la nutrition ;<\/li><li>Promotion de l\u2019activit\u00e9 physique<\/li><li>Promouvoir de bonnes habitudes alimentaires<\/li><li>Informations et assistance dans la langue d\u2019origine ;<\/li><li>orientation des patients vers des services de diagnostic et de traitement ;<\/li><li>Organisation des rendez-vous pour le d\u00e9pistage du cancer.<\/li><li>Organisation de foires communautaires sur la sant\u00e9 ;<\/li><li>Conseils et soins de suivi ;<\/li><li>\u00c9coute et conseils aux familles (r\u00e9solution de conflits, m\u00e9diation)<\/li><li>Distribution de mat\u00e9riel p\u00e9dagogique lors d\u2019\u00e9v\u00e9nements organis\u00e9s par des Africains et des Cara\u00efbes ;<\/li><li>Sensibiliser la communaut\u00e9 aux probl\u00e8mes de sant\u00e9 mentale (stress, anxi\u00e9t\u00e9 et d\u00e9pression) et \u00e0 la d\u00e9pendance aux drogues, aux cigarettes et \u00e0 l\u2019alcool ;<\/li><li>Groupe de soutien pour les personnes gravement malades<\/li><li>.Partenariats et collaborations ;<\/li><li>\u00a0<\/li><\/ul>\t\t\t\t\t\t\t\t<\/div>\n\t\t\t\t<\/div>\n\t\t\t\t<\/div>\n\t\t\t\t<\/div>\n\t\t\t\t\t<\/div>\n\t\t\t\t<\/div>\n\t\t\t\t<\/div>","protected":false},"excerpt":{"rendered":"<p>Programs and Services Health education and communication integrated into community action are effective approaches to problems solving. Get in touch Workshops Meetings Prevention and self-management of<span class=\"excerpt-hellip\"> [\u2026]<\/span><\/p>","protected":false},"author":1,"featured_media":0,"parent":0,"menu_order":0,"comment_status":"closed","ping_status":"closed","template":"","meta":{"give_campaign_id":0,"inline_featured_image":false,"footnotes":""},"class_list":["post-865","page","type-page","status-publish","hentry"],"campaignId":"","_links":{"self":[{"href":"https:\/\/cbep.ca\/fr\/wp-json\/wp\/v2\/pages\/865","targetHints":{"allow":["GET"]}}],"collection":[{"href":"https:\/\/cbep.ca\/fr\/wp-json\/wp\/v2\/pages"}],"about":[{"href":"https:\/\/cbep.ca\/fr\/wp-json\/wp\/v2\/types\/page"}],"author":[{"embeddable":true,"href":"https:\/\/cbep.ca\/fr\/wp-json\/wp\/v2\/users\/1"}],"replies":[{"embeddable":true,"href":"https:\/\/cbep.ca\/fr\/wp-json\/wp\/v2\/comments?post=865"}],"version-history":[{"count":23,"href":"https:\/\/cbep.ca\/fr\/wp-json\/wp\/v2\/pages\/865\/revisions"}],"predecessor-version":[{"id":1380,"href":"https:\/\/cbep.ca\/fr\/wp-json\/wp\/v2\/pages\/865\/revisions\/1380"}],"wp:attachment":[{"href":"https:\/\/cbep.ca\/fr\/wp-json\/wp\/v2\/media?parent=865"}],"curies":[{"name":"wp","href":"https:\/\/api.w.org\/{rel}","templated":true}]}}