{"id":863,"date":"2024-12-13T04:48:03","date_gmt":"2024-12-13T04:48:03","guid":{"rendered":"https:\/\/cbep.ca\/?page_id=863"},"modified":"2024-12-17T22:37:19","modified_gmt":"2024-12-17T22:37:19","slug":"our-projects-and-initiatives","status":"publish","type":"page","link":"https:\/\/cbep.ca\/fr\/our-projects-and-initiatives\/","title":{"rendered":"Projects &amp; Initiatives"},"content":{"rendered":"<div data-elementor-type=\"wp-page\" data-elementor-id=\"863\" class=\"elementor elementor-863\" data-elementor-post-type=\"page\">\n\t\t\t\t\t\t<section class=\"elementor-section elementor-top-section elementor-element elementor-element-d4f837d elementor-section-content-middle elementor-section-boxed elementor-section-height-default elementor-section-height-default\" data-id=\"d4f837d\" data-element_type=\"section\" data-settings=\"{&quot;background_background&quot;:&quot;classic&quot;,&quot;ekit_has_onepagescroll_dot&quot;:&quot;yes&quot;}\">\n\t\t\t\t\t\t<div class=\"elementor-container elementor-column-gap-default\">\n\t\t\t\t\t<div class=\"elementor-column elementor-col-50 elementor-top-column elementor-element elementor-element-4ba0a3d\" data-id=\"4ba0a3d\" data-element_type=\"column\">\n\t\t\t<div class=\"elementor-widget-wrap elementor-element-populated\">\n\t\t\t\t\t\t<div class=\"elementor-element elementor-element-62a7213 elementor-widget elementor-widget-image\" data-id=\"62a7213\" data-element_type=\"widget\" data-settings=\"{&quot;ekit_we_effect_on&quot;:&quot;none&quot;}\" data-widget_type=\"image.default\">\n\t\t\t\t<div class=\"elementor-widget-container\">\n\t\t\t\t\t\t\t\t\t\t\t\t\t\t\t<img fetchpriority=\"high\" decoding=\"async\" width=\"1200\" height=\"903\" src=\"https:\/\/cbep.ca\/wp-content\/uploads\/2024\/12\/Q5JDAQCAR4I6TBNNO6PPAX6Z3A-3794140571-1200x903.jpg\" class=\"attachment-large size-large wp-image-903\" alt=\"\" srcset=\"https:\/\/cbep.ca\/wp-content\/uploads\/2024\/12\/Q5JDAQCAR4I6TBNNO6PPAX6Z3A-3794140571-1200x903.jpg 1200w, https:\/\/cbep.ca\/wp-content\/uploads\/2024\/12\/Q5JDAQCAR4I6TBNNO6PPAX6Z3A-3794140571-500x376.jpg 500w, https:\/\/cbep.ca\/wp-content\/uploads\/2024\/12\/Q5JDAQCAR4I6TBNNO6PPAX6Z3A-3794140571-300x226.jpg 300w, https:\/\/cbep.ca\/wp-content\/uploads\/2024\/12\/Q5JDAQCAR4I6TBNNO6PPAX6Z3A-3794140571-768x578.jpg 768w, https:\/\/cbep.ca\/wp-content\/uploads\/2024\/12\/Q5JDAQCAR4I6TBNNO6PPAX6Z3A-3794140571-100x75.jpg 100w, https:\/\/cbep.ca\/wp-content\/uploads\/2024\/12\/Q5JDAQCAR4I6TBNNO6PPAX6Z3A-3794140571-480x361.jpg 480w, https:\/\/cbep.ca\/wp-content\/uploads\/2024\/12\/Q5JDAQCAR4I6TBNNO6PPAX6Z3A-3794140571.jpg 1484w\" sizes=\"(max-width:767px) 480px, (max-width:1200px) 100vw, 1200px\" \/>\t\t\t\t\t\t\t\t\t\t\t\t\t\t\t<\/div>\n\t\t\t\t<\/div>\n\t\t\t\t\t<\/div>\n\t\t<\/div>\n\t\t\t\t<div class=\"elementor-column elementor-col-50 elementor-top-column elementor-element elementor-element-7ed954c\" data-id=\"7ed954c\" data-element_type=\"column\">\n\t\t\t<div class=\"elementor-widget-wrap elementor-element-populated\">\n\t\t\t\t\t\t<div class=\"elementor-element elementor-element-b910cd4 elementor-widget elementor-widget-elementskit-heading\" data-id=\"b910cd4\" data-element_type=\"widget\" data-settings=\"{&quot;ekit_we_effect_on&quot;:&quot;none&quot;}\" data-widget_type=\"elementskit-heading.default\">\n\t\t\t\t<div class=\"elementor-widget-container\">\n\t\t\t\t\t<div class=\"ekit-wid-con\" ><div class=\"ekit-heading elementskit-section-title-wraper text_left   ekit_heading_tablet-   ekit_heading_mobile-\"><h2 class=\"ekit-heading--title elementskit-section-title\">Projects &amp; Initiatives<\/h2>\t\t\t\t<div class='ekit-heading__description'>\n\t\t\t\t\t<p>L'\u00e9ducation \u00e0 la sant\u00e9 et la communication int\u00e9gr\u00e9es dans l'action communautaire sont des approches efficaces pour r\u00e9soudre les probl\u00e8mes.<\/p>\n\t\t\t\t<\/div>\n\t\t\t<\/div><\/div>\t\t\t\t<\/div>\n\t\t\t\t<\/div>\n\t\t\t\t<div class=\"elementor-element elementor-element-9fc5b7b elementor-widget elementor-widget-elementskit-button\" data-id=\"9fc5b7b\" data-element_type=\"widget\" data-settings=\"{&quot;ekit_we_effect_on&quot;:&quot;none&quot;}\" data-widget_type=\"elementskit-button.default\">\n\t\t\t\t<div class=\"elementor-widget-container\">\n\t\t\t\t\t<div class=\"ekit-wid-con\" >\t\t<div class=\"ekit-btn-wraper\">\n\t\t\t\t\t\t\t<a href=\"https:\/\/cbep.ca\/fr\/contact\/\" class=\"elementskit-btn  whitespace--normal\" id=\"\">\n\t\t\t\t\tContactez-Nous\t\t\t\t<\/a>\n\t\t\t\t\t<\/div>\n        <\/div>\t\t\t\t<\/div>\n\t\t\t\t<\/div>\n\t\t\t\t\t<\/div>\n\t\t<\/div>\n\t\t\t\t\t<\/div>\n\t\t<\/section>\n\t\t<div class=\"elementor-element elementor-element-60b21f1 e-flex e-con-boxed e-con e-parent\" data-id=\"60b21f1\" data-element_type=\"container\" data-settings=\"{&quot;background_background&quot;:&quot;classic&quot;,&quot;ekit_has_onepagescroll_dot&quot;:&quot;yes&quot;}\">\n\t\t\t\t\t<div class=\"e-con-inner\">\n\t\t<div class=\"elementor-element elementor-element-793e9aa e-con-full e-flex e-con e-child\" data-id=\"793e9aa\" data-element_type=\"container\" data-settings=\"{&quot;ekit_has_onepagescroll_dot&quot;:&quot;yes&quot;}\">\n\t\t\t\t<\/div>\n\t\t<div class=\"elementor-element elementor-element-fdf0930 e-con-full e-flex e-con e-child\" data-id=\"fdf0930\" data-element_type=\"container\" data-settings=\"{&quot;ekit_has_onepagescroll_dot&quot;:&quot;yes&quot;}\">\n\t\t<div class=\"elementor-element elementor-element-5feec8f e-con-full e-flex e-con e-child\" data-id=\"5feec8f\" data-element_type=\"container\" data-settings=\"{&quot;ekit_has_onepagescroll_dot&quot;:&quot;yes&quot;}\">\n\t\t\t\t<div class=\"elementor-element elementor-element-c18f5ab elementor-widget elementor-widget-elementskit-heading\" data-id=\"c18f5ab\" data-element_type=\"widget\" data-settings=\"{&quot;ekit_we_effect_on&quot;:&quot;none&quot;}\" data-widget_type=\"elementskit-heading.default\">\n\t\t\t\t<div class=\"elementor-widget-container\">\n\t\t\t\t\t<div class=\"ekit-wid-con\" ><div class=\"ekit-heading elementskit-section-title-wraper text_left   ekit_heading_tablet-   ekit_heading_mobile-\"><h2 class=\"ekit-heading--title elementskit-section-title\">Soutien moral et\/ou mat\u00e9riel aux personnes dans le besoin<\/h2><\/div><\/div>\t\t\t\t<\/div>\n\t\t\t\t<\/div>\n\t\t\t\t<div class=\"elementor-element elementor-element-a462854 elementor-widget elementor-widget-text-editor\" data-id=\"a462854\" data-element_type=\"widget\" data-settings=\"{&quot;ekit_we_effect_on&quot;:&quot;none&quot;}\" data-widget_type=\"text-editor.default\">\n\t\t\t\t<div class=\"elementor-widget-container\">\n\t\t\t\t\t\t\t\t\t<section class=\"wpb_row vc_row-fluid bg-fixed\"><div class=\"container\"><div class=\"ligne\"><div class=\"wpb_column vc_col-sm-12\"><div class=\"vc_column-inner\"><div class=\"wpb_wrapper\"><div class=\"wpb_text_column wpb_content_element\"><div class=\"wpb_wrapper\"><ul><li>Soins aux convalescents, aux personnes seules et aux personnes \u00e2g\u00e9es\u00a0;<\/li><li>Visites aux personnes hospitalis\u00e9es\u00a0;<\/li><li>Conseils t\u00e9l\u00e9phoniques pour les personnes en d\u00e9tresse\u00a0;<\/li><li>Sensibilisation et encouragement des membres \u00e0 participer \u00e0 des activit\u00e9s culturelles et r\u00e9cr\u00e9atives\u00a0;<\/li><li>Visites aux d\u00e9tenus dans les centres de d\u00e9tention<\/li><li>Logement de transition\u00a0;<\/li><\/ul><\/div><\/div><\/div><\/div><\/div><\/div><\/div><\/section><section class=\"wpb_row vc_row-fluid bg-fixed\"><div class=\"container\"><div class=\"ligne\"><div class=\"wpb_column vc_col-sm-12\"><div class=\"vc_column-inner\"><div class=\"wpb_wrapper\"><div class=\"wpb_text_column wpb_content_element\"><div class=\"wpb_wrapper\"><p>Le CBEP mettra sur pied un programme de gestion de maisons de transition pour les d\u00e9linquants ethnoculturels en r\u00e9adaptation. Nous nous concentrons sur la r\u00e9insertion sociale par l\u2019\u00e9ducation et l\u2019emploi.<\/p><\/div><\/div><\/div><\/div><\/div><\/div><\/div><\/section><section class=\"wpb_row vc_row-fluid bg-fixed\"><div class=\"container\"><div class=\"ligne\"><div class=\"wpb_column vc_col-sm-12\"><div class=\"vc_column-inner\"><div class=\"wpb_wrapper\"><div class=\"wpb_text_column wpb_content_element\"><div class=\"wpb_wrapper\"><p>Les clients re\u00e7oivent un soutien sp\u00e9cialis\u00e9 pour pr\u00e9venir les rechutes, d\u00e9velopper des comp\u00e9tences vitales, des relations saines et une formation pour l\u2019emploi et l\u2019\u00e9ducation.<\/p><p>La mission et l\u2019objectif de ces maisons de transition sont de fournir un environnement o\u00f9 les d\u00e9linquants ethnoculturels peuvent entreprendre un processus de r\u00e9habilitation et de retour dans leurs familles et la soci\u00e9t\u00e9 pour un mode de vie significatif et productif.<\/p><p>Le programme et les services sont destin\u00e9s aux hommes et aux femmes et \u00e0 leurs familles<\/p><\/div><\/div><\/div><\/div><\/div><\/div><\/div><\/section>\t\t\t\t\t\t\t\t<\/div>\n\t\t\t\t<\/div>\n\t\t\t\t<\/div>\n\t\t\t\t<\/div>\n\t\t<div class=\"elementor-element elementor-element-1b86b22 e-con-full e-flex e-con e-child\" data-id=\"1b86b22\" data-element_type=\"container\" data-settings=\"{&quot;ekit_has_onepagescroll_dot&quot;:&quot;yes&quot;}\">\n\t\t\t\t<\/div>\n\t\t\t\t\t<\/div>\n\t\t\t\t<\/div>\n\t\t\t\t<\/div>","protected":false},"excerpt":{"rendered":"<p>Our Projects And Initiatives Health education and communication integrated into community action are effective approaches to problems solving. Get in touch Soutien moral et\/ou mat\u00e9riel aux<span class=\"excerpt-hellip\"> [\u2026]<\/span><\/p>","protected":false},"author":1,"featured_media":0,"parent":0,"menu_order":0,"comment_status":"closed","ping_status":"closed","template":"","meta":{"give_campaign_id":0,"inline_featured_image":false,"footnotes":""},"class_list":["post-863","page","type-page","status-publish","hentry"],"campaignId":"","_links":{"self":[{"href":"https:\/\/cbep.ca\/fr\/wp-json\/wp\/v2\/pages\/863","targetHints":{"allow":["GET"]}}],"collection":[{"href":"https:\/\/cbep.ca\/fr\/wp-json\/wp\/v2\/pages"}],"about":[{"href":"https:\/\/cbep.ca\/fr\/wp-json\/wp\/v2\/types\/page"}],"author":[{"embeddable":true,"href":"https:\/\/cbep.ca\/fr\/wp-json\/wp\/v2\/users\/1"}],"replies":[{"embeddable":true,"href":"https:\/\/cbep.ca\/fr\/wp-json\/wp\/v2\/comments?post=863"}],"version-history":[{"count":7,"href":"https:\/\/cbep.ca\/fr\/wp-json\/wp\/v2\/pages\/863\/revisions"}],"predecessor-version":[{"id":1372,"href":"https:\/\/cbep.ca\/fr\/wp-json\/wp\/v2\/pages\/863\/revisions\/1372"}],"wp:attachment":[{"href":"https:\/\/cbep.ca\/fr\/wp-json\/wp\/v2\/media?parent=863"}],"curies":[{"name":"wp","href":"https:\/\/api.w.org\/{rel}","templated":true}]}}