{"id":853,"date":"2024-12-13T04:43:45","date_gmt":"2024-12-13T04:43:45","guid":{"rendered":"https:\/\/cbep.ca\/?page_id=853"},"modified":"2024-12-16T20:10:25","modified_gmt":"2024-12-16T20:10:25","slug":"our-partners","status":"publish","type":"page","link":"https:\/\/cbep.ca\/fr\/our-partners\/","title":{"rendered":"Nos Partenaires"},"content":{"rendered":"<div data-elementor-type=\"wp-page\" data-elementor-id=\"853\" class=\"elementor elementor-853\" data-elementor-post-type=\"page\">\n\t\t\t\t<div class=\"elementor-element elementor-element-294c58a e-con-full e-flex e-con e-parent\" data-id=\"294c58a\" data-element_type=\"container\" data-settings=\"{&quot;background_background&quot;:&quot;classic&quot;,&quot;ekit_has_onepagescroll_dot&quot;:&quot;yes&quot;}\">\n\t\t<div class=\"elementor-element elementor-element-e7ef392 e-flex e-con-boxed e-con e-child\" data-id=\"e7ef392\" data-element_type=\"container\" data-settings=\"{&quot;ekit_has_onepagescroll_dot&quot;:&quot;yes&quot;}\">\n\t\t\t\t\t<div class=\"e-con-inner\">\n\t\t\t\t<div class=\"elementor-element elementor-element-1d1fafc elementor-widget elementor-widget-text-editor\" data-id=\"1d1fafc\" data-element_type=\"widget\" data-settings=\"{&quot;ekit_we_effect_on&quot;:&quot;none&quot;}\" data-widget_type=\"text-editor.default\">\n\t\t\t\t<div class=\"elementor-widget-container\">\n\t\t\t\t\t\t\t\t\t<p>Nos Partenaires<\/p>\t\t\t\t\t\t\t\t<\/div>\n\t\t\t\t<\/div>\n\t\t\t\t<div class=\"elementor-element elementor-element-4aff90f elementor-widget elementor-widget-text-editor\" data-id=\"4aff90f\" data-element_type=\"widget\" data-settings=\"{&quot;ekit_we_effect_on&quot;:&quot;none&quot;}\" data-widget_type=\"text-editor.default\">\n\t\t\t\t<div class=\"elementor-widget-container\">\n\t\t\t\t\t\t\t\t\t<p class=\"text_text__ySj__\">Le CBEP s'engage \u00e0 \u00eatre fortement align\u00e9 avec ses partenaires.<\/p>\t\t\t\t\t\t\t\t<\/div>\n\t\t\t\t<\/div>\n\t\t\t\t<div class=\"elementor-element elementor-element-727e3e6 elementor-widget elementor-widget-gallery\" data-id=\"727e3e6\" data-element_type=\"widget\" data-settings=\"{&quot;gallery_layout&quot;:&quot;masonry&quot;,&quot;columns&quot;:5,&quot;gap&quot;:{&quot;unit&quot;:&quot;px&quot;,&quot;size&quot;:34,&quot;sizes&quot;:[]},&quot;lazyload&quot;:&quot;yes&quot;,&quot;columns_tablet&quot;:2,&quot;columns_mobile&quot;:1,&quot;gap_tablet&quot;:{&quot;unit&quot;:&quot;px&quot;,&quot;size&quot;:10,&quot;sizes&quot;:[]},&quot;gap_mobile&quot;:{&quot;unit&quot;:&quot;px&quot;,&quot;size&quot;:10,&quot;sizes&quot;:[]},&quot;link_to&quot;:&quot;file&quot;,&quot;overlay_background&quot;:&quot;yes&quot;,&quot;content_hover_animation&quot;:&quot;fade-in&quot;,&quot;ekit_we_effect_on&quot;:&quot;none&quot;}\" data-widget_type=\"gallery.default\">\n\t\t\t\t<div class=\"elementor-widget-container\">\n\t\t\t\t\t\t\t<div class=\"elementor-gallery__container\">\n\t\t\t\t\t\t\t<a class=\"e-gallery-item elementor-gallery-item elementor-animated-content\" href=\"https:\/\/cbep.ca\/wp-content\/uploads\/2024\/12\/government-of-alberta-logo-vector.png\" data-elementor-open-lightbox=\"yes\" data-elementor-lightbox-slideshow=\"727e3e6\" data-elementor-lightbox-title=\"government-of-alberta-logo-vector\" data-e-action-hash=\"#elementor-action%3Aaction%3Dlightbox%26settings%3DeyJpZCI6NTc2LCJ1cmwiOiJodHRwczpcL1wvY2JlcC5jYVwvd3AtY29udGVudFwvdXBsb2Fkc1wvMjAyNFwvMTJcL2dvdmVybm1lbnQtb2YtYWxiZXJ0YS1sb2dvLXZlY3Rvci5wbmciLCJzbGlkZXNob3ciOiI3MjdlM2U2In0%3D\">\n\t\t\t\t\t<div class=\"e-gallery-image elementor-gallery-item__image\" data-thumbnail=\"https:\/\/cbep.ca\/wp-content\/uploads\/2024\/12\/government-of-alberta-logo-vector-300x167.png\" data-width=\"300\" data-height=\"167\" aria-label=\"\" role=\"img\" ><\/div>\n\t\t\t\t\t\t\t\t\t\t\t<div class=\"elementor-gallery-item__overlay\"><\/div>\n\t\t\t\t\t\t\t\t\t\t\t\t\t\t<\/a>\n\t\t\t\t\t\t\t<a class=\"e-gallery-item elementor-gallery-item elementor-animated-content\" href=\"https:\/\/cbep.ca\/wp-content\/uploads\/2024\/12\/lecae-logo.png\" data-elementor-open-lightbox=\"yes\" data-elementor-lightbox-slideshow=\"727e3e6\" data-elementor-lightbox-title=\"lecae-logo\" data-e-action-hash=\"#elementor-action%3Aaction%3Dlightbox%26settings%3DeyJpZCI6NTg1LCJ1cmwiOiJodHRwczpcL1wvY2JlcC5jYVwvd3AtY29udGVudFwvdXBsb2Fkc1wvMjAyNFwvMTJcL2xlY2FlLWxvZ28ucG5nIiwic2xpZGVzaG93IjoiNzI3ZTNlNiJ9\">\n\t\t\t\t\t<div class=\"e-gallery-image elementor-gallery-item__image\" data-thumbnail=\"https:\/\/cbep.ca\/wp-content\/uploads\/2024\/12\/lecae-logo.png\" data-width=\"225\" data-height=\"225\" aria-label=\"\" role=\"img\" ><\/div>\n\t\t\t\t\t\t\t\t\t\t\t<div class=\"elementor-gallery-item__overlay\"><\/div>\n\t\t\t\t\t\t\t\t\t\t\t\t\t\t<\/a>\n\t\t\t\t\t\t\t<a class=\"e-gallery-item elementor-gallery-item elementor-animated-content\" href=\"https:\/\/cbep.ca\/wp-content\/uploads\/2024\/12\/Reseau-Sante-Alberta-350x110-1.png\" data-elementor-open-lightbox=\"yes\" data-elementor-lightbox-slideshow=\"727e3e6\" data-elementor-lightbox-title=\"Reseau-Sante-Alberta-350x110-1\" data-e-action-hash=\"#elementor-action%3Aaction%3Dlightbox%26settings%3DeyJpZCI6NjAyLCJ1cmwiOiJodHRwczpcL1wvY2JlcC5jYVwvd3AtY29udGVudFwvdXBsb2Fkc1wvMjAyNFwvMTJcL1Jlc2VhdS1TYW50ZS1BbGJlcnRhLTM1MHgxMTAtMS5wbmciLCJzbGlkZXNob3ciOiI3MjdlM2U2In0%3D\">\n\t\t\t\t\t<div class=\"e-gallery-image elementor-gallery-item__image\" data-thumbnail=\"https:\/\/cbep.ca\/wp-content\/uploads\/2024\/12\/Reseau-Sante-Alberta-350x110-1-300x94.png\" data-width=\"300\" data-height=\"94\" aria-label=\"\" role=\"img\" ><\/div>\n\t\t\t\t\t\t\t\t\t\t\t<div class=\"elementor-gallery-item__overlay\"><\/div>\n\t\t\t\t\t\t\t\t\t\t\t\t\t\t<\/a>\n\t\t\t\t\t\t\t<a class=\"e-gallery-item elementor-gallery-item elementor-animated-content\" href=\"https:\/\/cbep.ca\/wp-content\/uploads\/2024\/12\/ajfas_logo-1.png\" data-elementor-open-lightbox=\"yes\" data-elementor-lightbox-slideshow=\"727e3e6\" data-elementor-lightbox-title=\"ajfas_logo-1\" data-e-action-hash=\"#elementor-action%3Aaction%3Dlightbox%26settings%3DeyJpZCI6NTM1LCJ1cmwiOiJodHRwczpcL1wvY2JlcC5jYVwvd3AtY29udGVudFwvdXBsb2Fkc1wvMjAyNFwvMTJcL2FqZmFzX2xvZ28tMS5wbmciLCJzbGlkZXNob3ciOiI3MjdlM2U2In0%3D\">\n\t\t\t\t\t<div class=\"e-gallery-image elementor-gallery-item__image\" data-thumbnail=\"https:\/\/cbep.ca\/wp-content\/uploads\/2024\/12\/ajfas_logo-1.png\" data-width=\"161\" data-height=\"98\" aria-label=\"\" role=\"img\" ><\/div>\n\t\t\t\t\t\t\t\t\t\t\t<div class=\"elementor-gallery-item__overlay\"><\/div>\n\t\t\t\t\t\t\t\t\t\t\t\t\t\t<\/a>\n\t\t\t\t\t\t\t<a class=\"e-gallery-item elementor-gallery-item elementor-animated-content\" href=\"https:\/\/cbep.ca\/wp-content\/uploads\/2024\/12\/ua-csj-crp-couleur.png\" data-elementor-open-lightbox=\"yes\" data-elementor-lightbox-slideshow=\"727e3e6\" data-elementor-lightbox-title=\"ua-csj-crp-couleur\" data-e-action-hash=\"#elementor-action%3Aaction%3Dlightbox%26settings%3DeyJpZCI6NjExLCJ1cmwiOiJodHRwczpcL1wvY2JlcC5jYVwvd3AtY29udGVudFwvdXBsb2Fkc1wvMjAyNFwvMTJcL3VhLWNzai1jcnAtY291bGV1ci5wbmciLCJzbGlkZXNob3ciOiI3MjdlM2U2In0%3D\">\n\t\t\t\t\t<div class=\"e-gallery-image elementor-gallery-item__image\" data-thumbnail=\"https:\/\/cbep.ca\/wp-content\/uploads\/2024\/12\/ua-csj-crp-couleur-300x152.png\" data-width=\"300\" data-height=\"152\" aria-label=\"\" role=\"img\" ><\/div>\n\t\t\t\t\t\t\t\t\t\t\t<div class=\"elementor-gallery-item__overlay\"><\/div>\n\t\t\t\t\t\t\t\t\t\t\t\t\t\t<\/a>\n\t\t\t\t\t\t\t<a class=\"e-gallery-item elementor-gallery-item elementor-animated-content\" href=\"https:\/\/cbep.ca\/wp-content\/uploads\/2024\/12\/ADAC-LOGO-2016-300x270-1.png\" data-elementor-open-lightbox=\"yes\" data-elementor-lightbox-slideshow=\"727e3e6\" data-elementor-lightbox-title=\"ADAC-LOGO-2016-300x270-1\" data-e-action-hash=\"#elementor-action%3Aaction%3Dlightbox%26settings%3DeyJpZCI6NTM0LCJ1cmwiOiJodHRwczpcL1wvY2JlcC5jYVwvd3AtY29udGVudFwvdXBsb2Fkc1wvMjAyNFwvMTJcL0FEQUMtTE9HTy0yMDE2LTMwMHgyNzAtMS5wbmciLCJzbGlkZXNob3ciOiI3MjdlM2U2In0%3D\">\n\t\t\t\t\t<div class=\"e-gallery-image elementor-gallery-item__image\" data-thumbnail=\"https:\/\/cbep.ca\/wp-content\/uploads\/2024\/12\/ADAC-LOGO-2016-300x270-1.png\" data-width=\"300\" data-height=\"270\" aria-label=\"\" role=\"img\" ><\/div>\n\t\t\t\t\t\t\t\t\t\t\t<div class=\"elementor-gallery-item__overlay\"><\/div>\n\t\t\t\t\t\t\t\t\t\t\t\t\t\t<\/a>\n\t\t\t\t\t\t\t<a class=\"e-gallery-item elementor-gallery-item elementor-animated-content\" href=\"https:\/\/cbep.ca\/wp-content\/uploads\/2024\/12\/campussaintjeanjpg_2016-09-12-12-03.jpg\" data-elementor-open-lightbox=\"yes\" data-elementor-lightbox-slideshow=\"727e3e6\" data-elementor-lightbox-title=\"campussaintjeanjpg_2016-09-12-12-03\" data-e-action-hash=\"#elementor-action%3Aaction%3Dlightbox%26settings%3DeyJpZCI6NTQzLCJ1cmwiOiJodHRwczpcL1wvY2JlcC5jYVwvd3AtY29udGVudFwvdXBsb2Fkc1wvMjAyNFwvMTJcL2NhbXB1c3NhaW50amVhbmpwZ18yMDE2LTA5LTEyLTEyLTAzLmpwZyIsInNsaWRlc2hvdyI6IjcyN2UzZTYifQ%3D%3D\">\n\t\t\t\t\t<div class=\"e-gallery-image elementor-gallery-item__image\" data-thumbnail=\"https:\/\/cbep.ca\/wp-content\/uploads\/2024\/12\/campussaintjeanjpg_2016-09-12-12-03-300x175.jpg\" data-width=\"300\" data-height=\"175\" aria-label=\"\" role=\"img\" ><\/div>\n\t\t\t\t\t\t\t\t\t\t\t<div class=\"elementor-gallery-item__overlay\"><\/div>\n\t\t\t\t\t\t\t\t\t\t\t\t\t\t<\/a>\n\t\t\t\t\t\t\t<a class=\"e-gallery-item elementor-gallery-item elementor-animated-content\" href=\"https:\/\/cbep.ca\/wp-content\/uploads\/2024\/12\/new-logo.jpg\" data-elementor-open-lightbox=\"yes\" data-elementor-lightbox-slideshow=\"727e3e6\" data-elementor-lightbox-title=\"new-logo\" data-e-action-hash=\"#elementor-action%3Aaction%3Dlightbox%26settings%3DeyJpZCI6NTkxLCJ1cmwiOiJodHRwczpcL1wvY2JlcC5jYVwvd3AtY29udGVudFwvdXBsb2Fkc1wvMjAyNFwvMTJcL25ldy1sb2dvLmpwZyIsInNsaWRlc2hvdyI6IjcyN2UzZTYifQ%3D%3D\">\n\t\t\t\t\t<div class=\"e-gallery-image elementor-gallery-item__image\" data-thumbnail=\"https:\/\/cbep.ca\/wp-content\/uploads\/2024\/12\/new-logo-300x192.jpg\" data-width=\"300\" data-height=\"192\" aria-label=\"\" role=\"img\" ><\/div>\n\t\t\t\t\t\t\t\t\t\t\t<div class=\"elementor-gallery-item__overlay\"><\/div>\n\t\t\t\t\t\t\t\t\t\t\t\t\t\t<\/a>\n\t\t\t\t\t<\/div>\n\t\t\t\t\t<\/div>\n\t\t\t\t<\/div>\n\t\t\t\t\t<\/div>\n\t\t\t\t<\/div>\n\t\t\t\t<\/div>\n\t\t\t\t<\/div>","protected":false},"excerpt":{"rendered":"<p>Our Partners CBEP is committed to being strongly aligned with its partners.<\/p>","protected":false},"author":1,"featured_media":0,"parent":0,"menu_order":0,"comment_status":"closed","ping_status":"closed","template":"","meta":{"give_campaign_id":0,"inline_featured_image":false,"footnotes":""},"class_list":["post-853","page","type-page","status-publish","hentry"],"campaignId":"","_links":{"self":[{"href":"https:\/\/cbep.ca\/fr\/wp-json\/wp\/v2\/pages\/853","targetHints":{"allow":["GET"]}}],"collection":[{"href":"https:\/\/cbep.ca\/fr\/wp-json\/wp\/v2\/pages"}],"about":[{"href":"https:\/\/cbep.ca\/fr\/wp-json\/wp\/v2\/types\/page"}],"author":[{"embeddable":true,"href":"https:\/\/cbep.ca\/fr\/wp-json\/wp\/v2\/users\/1"}],"replies":[{"embeddable":true,"href":"https:\/\/cbep.ca\/fr\/wp-json\/wp\/v2\/comments?post=853"}],"version-history":[{"count":7,"href":"https:\/\/cbep.ca\/fr\/wp-json\/wp\/v2\/pages\/853\/revisions"}],"predecessor-version":[{"id":1030,"href":"https:\/\/cbep.ca\/fr\/wp-json\/wp\/v2\/pages\/853\/revisions\/1030"}],"wp:attachment":[{"href":"https:\/\/cbep.ca\/fr\/wp-json\/wp\/v2\/media?parent=853"}],"curies":[{"name":"wp","href":"https:\/\/api.w.org\/{rel}","templated":true}]}}