{"id":835,"date":"2024-12-13T04:38:23","date_gmt":"2024-12-13T04:38:23","guid":{"rendered":"https:\/\/cbep.ca\/?page_id=835"},"modified":"2024-12-22T15:09:05","modified_gmt":"2024-12-22T15:09:05","slug":"our-mision-vision","status":"publish","type":"page","link":"https:\/\/cbep.ca\/fr\/our-mision-vision\/","title":{"rendered":"Mission &amp; Vision"},"content":{"rendered":"<div data-elementor-type=\"wp-page\" data-elementor-id=\"835\" class=\"elementor elementor-835\" data-elementor-post-type=\"page\">\n\t\t\t\t\t\t<section class=\"elementor-section elementor-top-section elementor-element elementor-element-100e7c86 elementor-section-boxed elementor-section-height-default elementor-section-height-default\" data-id=\"100e7c86\" data-element_type=\"section\" id=\"xs_accor_side_curve\" data-settings=\"{&quot;background_background&quot;:&quot;classic&quot;,&quot;ekit_has_onepagescroll_dot&quot;:&quot;yes&quot;}\">\n\t\t\t\t\t\t<div class=\"elementor-container elementor-column-gap-default\">\n\t\t\t\t\t<div class=\"elementor-column elementor-col-50 elementor-top-column elementor-element elementor-element-5d2c359a\" data-id=\"5d2c359a\" data-element_type=\"column\">\n\t\t\t<div class=\"elementor-widget-wrap elementor-element-populated\">\n\t\t\t\t\t\t<div class=\"elementor-element elementor-element-63823780 elementor-widget elementor-widget-elementskit-heading\" data-id=\"63823780\" data-element_type=\"widget\" data-settings=\"{&quot;ekit_we_effect_on&quot;:&quot;none&quot;}\" data-widget_type=\"elementskit-heading.default\">\n\t\t\t\t<div class=\"elementor-widget-container\">\n\t\t\t\t\t<div class=\"ekit-wid-con\" ><div class=\"ekit-heading elementskit-section-title-wraper text_left   ekit_heading_tablet-   ekit_heading_mobile-\"><h2 class=\"ekit-heading--title elementskit-section-title\">CBEP est d\u00e9di\u00e9<\/h2><div class=\"ekit_heading_separetor_wraper ekit_heading_elementskit-border-divider ekit-dotted\"><div class=\"elementskit-border-divider ekit-dotted\"><\/div><\/div>\t\t\t\t<div class='ekit-heading__description'>\n\t\t\t\t\t<p>\u00c0 construire une structure de sant\u00e9 et de bien-\u00eatre solide et stable, adapt\u00e9e aux besoins des Afro-Canadiens en Alberta. Guid\u00e9s par les valeurs d'engagement, d'int\u00e9grit\u00e9, de solidarit\u00e9 et d'excellence, nous nous effor\u00e7ons d\u2019\u00eatre des leaders dans la pr\u00e9vention des principaux probl\u00e8mes de sant\u00e9 tout en favorisant un dialogue pacifique et des liens communautaires. En tant que pont essentiel entre les partenaires et la communaut\u00e9 afro-canadienne, le CBEP amplifie les voix de ses membres et d\u00e9fend des solutions de bien-\u00eatre durables.<\/p>\n\t\t\t\t<\/div>\n\t\t\t<\/div><\/div>\t\t\t\t<\/div>\n\t\t\t\t<\/div>\n\t\t\t\t\t<\/div>\n\t\t<\/div>\n\t\t\t\t<div class=\"elementor-column elementor-col-50 elementor-top-column elementor-element elementor-element-4df3a392\" data-id=\"4df3a392\" data-element_type=\"column\">\n\t\t\t<div class=\"elementor-widget-wrap elementor-element-populated\">\n\t\t\t\t\t\t<div class=\"elementor-element elementor-element-1c9ff844 elementor-widget elementor-widget-elementskit-accordion\" data-id=\"1c9ff844\" data-element_type=\"widget\" data-settings=\"{&quot;ekit_we_effect_on&quot;:&quot;none&quot;}\" data-widget_type=\"elementskit-accordion.default\">\n\t\t\t\t<div class=\"elementor-widget-container\">\n\t\t\t\t\t<div class=\"ekit-wid-con\" >\n        <div class=\"elementskit-accordion accoedion-primary side-curve\" id=\"accordion-69ff2a7ea90d5\">\n\n            \n                <div class=\"elementskit-card active\">\n                    <div class=\"elementskit-card-header\" id=\"primaryHeading-0-1c9ff844\">\n                        <a href=\"#collapse-bc2283069ff2a7ea90d5\" class=\"ekit-accordion--toggler elementskit-btn-link collapsed\" data-ekit-toggle=\"collapse\" data-target=\"#Collapse-bc2283069ff2a7ea90d5\" aria-expanded=\"true\" aria-controls=\"Collapse-bc2283069ff2a7ea90d5\">\n                                                            <div class=\"ekit_accordion_icon_left_group\">\n                                    <div class=\"ekit_accordion_normal_icon\">\n                                        <!-- Normal Icon -->\n                                        <i class=\"icon icon-down-arrow1\"><\/i>                                    <\/div>\n\n                                    <div class=\"ekit_accordion_active_icon\">\n                                        <!-- Active Icon -->\n\t\t\t\t\t\t\t\t\t\t<i class=\"icon icon-up-arrow1\"><\/i>                                    <\/div>\n                                <\/div>\n\n                            \n                            <span class=\"ekit-accordion-title\">NOTRE MISSION<\/span>\n\n                            \n                                                    <\/a>\n                    <\/div>\n\n                    <div id=\"Collapse-bc2283069ff2a7ea90d5\" class=\"show collapse\" aria-labelledby=\"primaryHeading-0-1c9ff844\" data-parent=\"#accordion-69ff2a7ea90d5\">\n\n                        <div class=\"elementskit-card-body ekit-accordion--content\">\n                            <p>D\u00e9velopper une structure de sant\u00e9 et de bien-\u00eatre communautaire optimale et stable qui r\u00e9pond plus ad\u00e9quatement aux besoins des Afro-Canadiens en Alberta.<\/p>                        <\/div>\n\n                    <\/div>\n\n                <\/div><!-- .elementskit-card END -->\n\n                \n                <div class=\"elementskit-card\">\n                    <div class=\"elementskit-card-header\" id=\"primaryHeading-1-1c9ff844\">\n                        <a href=\"#collapse-8417e7169ff2a7ea90d5\" class=\"ekit-accordion--toggler elementskit-btn-link collapsed\" data-ekit-toggle=\"collapse\" data-target=\"#Collapse-8417e7169ff2a7ea90d5\" aria-expanded=\"false\" aria-controls=\"Collapse-8417e7169ff2a7ea90d5\">\n                                                            <div class=\"ekit_accordion_icon_left_group\">\n                                    <div class=\"ekit_accordion_normal_icon\">\n                                        <!-- Normal Icon -->\n                                        <i class=\"icon icon-down-arrow1\"><\/i>                                    <\/div>\n\n                                    <div class=\"ekit_accordion_active_icon\">\n                                        <!-- Active Icon -->\n\t\t\t\t\t\t\t\t\t\t<i class=\"icon icon-up-arrow1\"><\/i>                                    <\/div>\n                                <\/div>\n\n                            \n                            <span class=\"ekit-accordion-title\">NOS VALEURS<\/span>\n\n                            \n                                                    <\/a>\n                    <\/div>\n\n                    <div id=\"Collapse-8417e7169ff2a7ea90d5\" class=\"collapse\" aria-labelledby=\"primaryHeading-1-1c9ff844\" data-parent=\"#accordion-69ff2a7ea90d5\">\n\n                        <div class=\"elementskit-card-body ekit-accordion--content\">\n                            <ul><li><strong>Engagement<\/strong>: nous appr\u00e9cions l\u2019engagement et la participation de notre personnel et de nos clients aux activit\u00e9s de promotion de la sant\u00e9 et du bien-\u00eatre.<\/li><li><strong>Int\u00e9grit\u00e9<\/strong>: nous privil\u00e9gions un comportement honorable et respectueux<\/li><\/ul>                        <\/div>\n\n                    <\/div>\n\n                <\/div><!-- .elementskit-card END -->\n\n                \n                <div class=\"elementskit-card\">\n                    <div class=\"elementskit-card-header\" id=\"primaryHeading-2-1c9ff844\">\n                        <a href=\"#collapse-3dad4e069ff2a7ea90d5\" class=\"ekit-accordion--toggler elementskit-btn-link collapsed\" data-ekit-toggle=\"collapse\" data-target=\"#Collapse-3dad4e069ff2a7ea90d5\" aria-expanded=\"false\" aria-controls=\"Collapse-3dad4e069ff2a7ea90d5\">\n                                                            <div class=\"ekit_accordion_icon_left_group\">\n                                    <div class=\"ekit_accordion_normal_icon\">\n                                        <!-- Normal Icon -->\n                                        <i class=\"icon icon-down-arrow1\"><\/i>                                    <\/div>\n\n                                    <div class=\"ekit_accordion_active_icon\">\n                                        <!-- Active Icon -->\n\t\t\t\t\t\t\t\t\t\t<i class=\"icon icon-up-arrow1\"><\/i>                                    <\/div>\n                                <\/div>\n\n                            \n                            <span class=\"ekit-accordion-title\">NOTRE VISION<\/span>\n\n                            \n                                                    <\/a>\n                    <\/div>\n\n                    <div id=\"Collapse-3dad4e069ff2a7ea90d5\" class=\"collapse\" aria-labelledby=\"primaryHeading-2-1c9ff844\" data-parent=\"#accordion-69ff2a7ea90d5\">\n\n                        <div class=\"elementskit-card-body ekit-accordion--content\">\n                            <p>Il est ancr\u00e9 dans nos valeurs de solidarit\u00e9, d\u2019int\u00e9grit\u00e9, d\u2019excellence et de dialogue pacifique.<\/p><p><strong>CBEP<\/strong> se veut d\u2019\u00eatre :<\/p><ul><li>Un leader incontournable en mati\u00e8re de pr\u00e9vention des maladies cardiovasculaires, de l\u2019hypertension, du diab\u00e8te, des cancers, des maladies mentales, de l\u2019ob\u00e9sit\u00e9 et les d\u00e9pendances aux drogues aupr\u00e8s des populations d\u2019origine afro-carib\u00e9ennes et d\u2019autres personnes immigrantes vuln\u00e9rables qui vivent en Alberta.<\/li><li>Un acteur dynamique de la pr\u00e9vention, de la sensibilisation, de la prise en charge et\/ou de l\u2019aiguillage par des partenariats divers, le d\u00e9veloppement des capacit\u00e9s structurelles et des comp\u00e9tences, l\u2019implication des communaut\u00e9s comme parties prenantes, la r\u00e9insertion sociale par l\u2019emploi, le logement et le r\u00e8glement pacifique des conflits.<\/li><li>\u00a0Un pont durable entre ses partenaires et la communaute afro-canadienne. Le porte-parole de ses membres.<\/li><\/ul>                        <\/div>\n\n                    <\/div>\n\n                <\/div><!-- .elementskit-card END -->\n\n                                        <\/div>\n    <\/div>\t\t\t\t<\/div>\n\t\t\t\t<\/div>\n\t\t\t\t\t<\/div>\n\t\t<\/div>\n\t\t\t\t\t<\/div>\n\t\t<\/section>\n\t\t\t\t<\/div>","protected":false},"excerpt":{"rendered":"<p>CBEP is dedicated to building a strong, stable health and wellness structure tailored to the needs of African-Canadians in Alberta. Guided by values of engagement, integrity,<span class=\"excerpt-hellip\"> [\u2026]<\/span><\/p>","protected":false},"author":1,"featured_media":0,"parent":0,"menu_order":0,"comment_status":"closed","ping_status":"closed","template":"","meta":{"give_campaign_id":0,"inline_featured_image":false,"footnotes":""},"class_list":["post-835","page","type-page","status-publish","hentry"],"campaignId":"","_links":{"self":[{"href":"https:\/\/cbep.ca\/fr\/wp-json\/wp\/v2\/pages\/835","targetHints":{"allow":["GET"]}}],"collection":[{"href":"https:\/\/cbep.ca\/fr\/wp-json\/wp\/v2\/pages"}],"about":[{"href":"https:\/\/cbep.ca\/fr\/wp-json\/wp\/v2\/types\/page"}],"author":[{"embeddable":true,"href":"https:\/\/cbep.ca\/fr\/wp-json\/wp\/v2\/users\/1"}],"replies":[{"embeddable":true,"href":"https:\/\/cbep.ca\/fr\/wp-json\/wp\/v2\/comments?post=835"}],"version-history":[{"count":17,"href":"https:\/\/cbep.ca\/fr\/wp-json\/wp\/v2\/pages\/835\/revisions"}],"predecessor-version":[{"id":1469,"href":"https:\/\/cbep.ca\/fr\/wp-json\/wp\/v2\/pages\/835\/revisions\/1469"}],"wp:attachment":[{"href":"https:\/\/cbep.ca\/fr\/wp-json\/wp\/v2\/media?parent=835"}],"curies":[{"name":"wp","href":"https:\/\/api.w.org\/{rel}","templated":true}]}}