{"id":1031,"date":"2024-12-16T20:18:43","date_gmt":"2024-12-16T20:18:43","guid":{"rendered":"https:\/\/cbep.ca\/?page_id=1031"},"modified":"2024-12-16T20:30:15","modified_gmt":"2024-12-16T20:30:15","slug":"services","status":"publish","type":"page","link":"https:\/\/cbep.ca\/fr\/services\/","title":{"rendered":"SERVICES"},"content":{"rendered":"<div data-elementor-type=\"wp-page\" data-elementor-id=\"1031\" class=\"elementor elementor-1031\" data-elementor-post-type=\"page\">\n\t\t\t\t<div class=\"elementor-element elementor-element-b1ef16d e-flex e-con-boxed e-con e-parent\" data-id=\"b1ef16d\" data-element_type=\"container\" data-settings=\"{&quot;ekit_has_onepagescroll_dot&quot;:&quot;yes&quot;}\">\n\t\t\t\t\t<div class=\"e-con-inner\">\n\t\t<div class=\"elementor-element elementor-element-0f1932a e-con-full e-flex e-con e-child\" data-id=\"0f1932a\" data-element_type=\"container\" data-settings=\"{&quot;ekit_has_onepagescroll_dot&quot;:&quot;yes&quot;}\">\n\t\t<div class=\"elementor-element elementor-element-e2a1ccc e-con-full e-flex e-con e-child\" data-id=\"e2a1ccc\" data-element_type=\"container\" data-settings=\"{&quot;ekit_has_onepagescroll_dot&quot;:&quot;yes&quot;}\">\n\t\t\t\t<div class=\"elementor-element elementor-element-60aa772 elementor-widget elementor-widget-heading\" data-id=\"60aa772\" data-element_type=\"widget\" data-settings=\"{&quot;ekit_we_effect_on&quot;:&quot;none&quot;}\" data-widget_type=\"heading.default\">\n\t\t\t\t<div class=\"elementor-widget-container\">\n\t\t\t\t\t<h3 class=\"elementor-heading-title elementor-size-default\">Nos Activit\u00e9s<\/h3>\t\t\t\t<\/div>\n\t\t\t\t<\/div>\n\t\t\t\t<div class=\"elementor-element elementor-element-b9fc694 elementor-widget elementor-widget-text-editor\" data-id=\"b9fc694\" data-element_type=\"widget\" data-settings=\"{&quot;ekit_we_effect_on&quot;:&quot;none&quot;}\" data-widget_type=\"text-editor.default\">\n\t\t\t\t<div class=\"elementor-widget-container\">\n\t\t\t\t\t\t\t\t\t<ul><li>Sensibilisation de la communaut\u00e9 aux maladies chroniques ;<\/li><li>Ateliers \u00e9ducatifs et s\u00e9ances d\u2019information sur les maladies cardiaques, le diab\u00e8te, le cancer, la fibrose ut\u00e9rine et la nutrition ;<\/li><li>Promotion de l\u2019activit\u00e9 physique<\/li><li>Promouvoir de bonnes habitudes alimentaires<\/li><li>Informations et assistance dans la langue d\u2019origine ;<\/li><li>orientation des patients vers des services de diagnostic et de traitement ;<\/li><li>Organisation des rendez-vous pour le d\u00e9pistage du cancer.<\/li><li>Organisation de foires communautaires sur la sant\u00e9 ;<\/li><li>Conseils et soins de suivi ;<\/li><li>\u00c9coute et conseils aux familles (r\u00e9solution de conflits, m\u00e9diation)<\/li><li>Distribution de mat\u00e9riel p\u00e9dagogique lors d\u2019\u00e9v\u00e9nements organis\u00e9s par des Africains et des Cara\u00efbes ;<\/li><li>Sensibiliser la communaut\u00e9 aux probl\u00e8mes de sant\u00e9 mentale (stress, anxi\u00e9t\u00e9 et d\u00e9pression) et \u00e0 la d\u00e9pendance aux drogues, aux cigarettes et \u00e0 l\u2019alcool ;<\/li><li>Groupe de soutien pour les personnes gravement malades<\/li><li>.Partenariats et collaborations ;<\/li><li>\u00a0<\/li><\/ul>\t\t\t\t\t\t\t\t<\/div>\n\t\t\t\t<\/div>\n\t\t\t\t<\/div>\n\t\t\t\t<\/div>\n\t\t<div class=\"elementor-element elementor-element-7400f51 e-con-full e-flex e-con e-child\" data-id=\"7400f51\" data-element_type=\"container\" data-settings=\"{&quot;ekit_has_onepagescroll_dot&quot;:&quot;yes&quot;}\">\n\t\t<div class=\"elementor-element elementor-element-1c8b1f8 e-con-full e-flex e-con e-child\" data-id=\"1c8b1f8\" data-element_type=\"container\" data-settings=\"{&quot;ekit_has_onepagescroll_dot&quot;:&quot;yes&quot;}\">\n\t\t\t\t<div class=\"elementor-element elementor-element-0961f6b elementor-widget elementor-widget-heading\" data-id=\"0961f6b\" data-element_type=\"widget\" data-settings=\"{&quot;ekit_we_effect_on&quot;:&quot;none&quot;}\" data-widget_type=\"heading.default\">\n\t\t\t\t<div class=\"elementor-widget-container\">\n\t\t\t\t\t<h3 class=\"elementor-heading-title elementor-size-default\">Ateliers R\u00e9unions<\/h3>\t\t\t\t<\/div>\n\t\t\t\t<\/div>\n\t\t\t\t<div class=\"elementor-element elementor-element-d689235 elementor-widget elementor-widget-text-editor\" data-id=\"d689235\" data-element_type=\"widget\" data-settings=\"{&quot;ekit_we_effect_on&quot;:&quot;none&quot;}\" data-widget_type=\"text-editor.default\">\n\t\t\t\t<div class=\"elementor-widget-container\">\n\t\t\t\t\t\t\t\t\t<ul><li>Pr\u00e9vention et autogestion du diab\u00e8te et de l\u2019ob\u00e9sit\u00e9 ;<\/li><li>Pr\u00e9vention de l\u2019hypertension, des maladies cardiaques et des accidents vasculaires c\u00e9r\u00e9braux ;<\/li><li>Pr\u00e9vention des cancers et de la fibrose ut\u00e9rine ;<\/li><li>Groupe de soutien pour les survivants d\u2019un cancer ou d\u2019un AVC ;<\/li><li>Sant\u00e9 mentale et d\u00e9pendances aux drogues, \u00e0 l\u2019alcool et aux cigarettes ;<\/li><li>Promotion du changement de style de vie ;<\/li><li>des conseils nutritionnels ;<\/li><li>Acc\u00e8s \u00e0 des informations sur la sant\u00e9 et \u00e0 un soutien dans la langue maternelle ;<br \/>Programmes de d\u00e9pistage et d\u2019orientation vers des centres de diagnostic et de traitement<\/li><\/ul>\t\t\t\t\t\t\t\t<\/div>\n\t\t\t\t<\/div>\n\t\t\t\t<\/div>\n\t\t\t\t<\/div>\n\t\t\t\t\t<\/div>\n\t\t\t\t<\/div>\n\t\t\t\t<\/div>","protected":false},"excerpt":{"rendered":"<p>Our Activities Community awareness of chronic diseases; Educational workshops and information sessions on heart disease, diabetes, cancer, uterine fibrosis, and nutrition; Promotion of physical activity Promoting<span class=\"excerpt-hellip\"> [\u2026]<\/span><\/p>","protected":false},"author":1,"featured_media":0,"parent":0,"menu_order":0,"comment_status":"closed","ping_status":"closed","template":"","meta":{"give_campaign_id":0,"inline_featured_image":false,"footnotes":""},"class_list":["post-1031","page","type-page","status-publish","hentry"],"campaignId":"","_links":{"self":[{"href":"https:\/\/cbep.ca\/fr\/wp-json\/wp\/v2\/pages\/1031","targetHints":{"allow":["GET"]}}],"collection":[{"href":"https:\/\/cbep.ca\/fr\/wp-json\/wp\/v2\/pages"}],"about":[{"href":"https:\/\/cbep.ca\/fr\/wp-json\/wp\/v2\/types\/page"}],"author":[{"embeddable":true,"href":"https:\/\/cbep.ca\/fr\/wp-json\/wp\/v2\/users\/1"}],"replies":[{"embeddable":true,"href":"https:\/\/cbep.ca\/fr\/wp-json\/wp\/v2\/comments?post=1031"}],"version-history":[{"count":9,"href":"https:\/\/cbep.ca\/fr\/wp-json\/wp\/v2\/pages\/1031\/revisions"}],"predecessor-version":[{"id":1053,"href":"https:\/\/cbep.ca\/fr\/wp-json\/wp\/v2\/pages\/1031\/revisions\/1053"}],"wp:attachment":[{"href":"https:\/\/cbep.ca\/fr\/wp-json\/wp\/v2\/media?parent=1031"}],"curies":[{"name":"wp","href":"https:\/\/api.w.org\/{rel}","templated":true}]}}